{"id":1687,"date":"2025-10-21T14:06:51","date_gmt":"2025-10-21T14:06:51","guid":{"rendered":"https:\/\/creativelogisticsmoz.com\/?page_id=1687"},"modified":"2025-10-27T20:29:26","modified_gmt":"2025-10-27T20:29:26","slug":"organizacao-de-eventos","status":"publish","type":"page","link":"https:\/\/creativelogisticsmoz.com\/en\/organizacao-de-eventos\/","title":{"rendered":"Event Organization"},"content":{"rendered":"<div data-elementor-type=\"wp-page\" data-elementor-id=\"1687\" class=\"elementor elementor-1687\" data-elementor-post-type=\"page\">\n\t\t\t\t\t\t<section class=\"elementor-section elementor-top-section elementor-element elementor-element-6643a9c0 elementor-section-boxed elementor-section-height-default elementor-section-height-default\" data-id=\"6643a9c0\" data-element_type=\"section\" data-e-type=\"section\" data-settings=\"{&quot;background_background&quot;:&quot;classic&quot;}\">\n\t\t\t\t\t\t<div class=\"elementor-container elementor-column-gap-default\">\n\t\t\t\t\t<div class=\"elementor-column elementor-col-100 elementor-top-column elementor-element elementor-element-598a3b9\" data-id=\"598a3b9\" data-element_type=\"column\" data-e-type=\"column\">\n\t\t\t<div class=\"elementor-widget-wrap elementor-element-populated\">\n\t\t\t\t\t\t<div class=\"elementor-element elementor-element-6677922 elementor-widget elementor-widget-gva-heading-block\" data-id=\"6677922\" data-element_type=\"widget\" data-e-type=\"widget\" data-widget_type=\"gva-heading-block.default\">\n\t\t\t\t<div class=\"elementor-widget-container\">\n\t\t\t\t\t<div class=\"gva-element-gva-heading-block gva-element\">   <div class=\"align-left style-1 widget gsc-heading box-align-left auto-responsive\">\r\n      <div class=\"content-inner\">\r\n         \r\n                  \r\n           \r\n         \r\n                     <h2 class=\"title\">\r\n               <span>EVENT MANAGEMENT<\/span>\r\n            <\/h2>\r\n                  \r\n                     <div class=\"title-desc\">We provide comprehensive solutions for event planning and logistical support, ensuring quality, efficiency, and attention to every detail.<\/div>\r\n         \r\n         \r\n      <\/div>\r\n   <\/div>\r\n<\/div>\t\t\t\t<\/div>\n\t\t\t\t<\/div>\n\t\t\t\t\t<\/div>\n\t\t<\/div>\n\t\t\t\t\t<\/div>\n\t\t<\/section>\n\t\t<div class=\"elementor-element elementor-element-c48d1b8 e-flex e-con-boxed e-con e-parent\" data-id=\"c48d1b8\" data-element_type=\"container\" data-e-type=\"container\">\n\t\t\t\t\t<div class=\"e-con-inner\">\n\t\t\t\t<div class=\"elementor-element elementor-element-dbefef3 elementor-widget elementor-widget-text-editor\" data-id=\"dbefef3\" data-element_type=\"widget\" data-e-type=\"widget\" data-widget_type=\"text-editor.default\">\n\t\t\t\t\t\t\t\t\t<p>We operate in all types of events, providing a personalized service that meets the needs of companies, institutions, and individual clients, ensuring that every occasion is memorable and successful.<\/p>\t\t\t\t\t\t\t\t<\/div>\n\t\t\t\t\t<\/div>\n\t\t\t\t<\/div>\n\t\t<div class=\"elementor-element elementor-element-22d6a58 e-con-full e-flex e-con e-parent\" data-id=\"22d6a58\" data-element_type=\"container\" data-e-type=\"container\" data-settings=\"{&quot;background_background&quot;:&quot;classic&quot;}\">\n\t\t<div class=\"elementor-element elementor-element-5a7b55a e-con-full e-flex e-con e-child\" data-id=\"5a7b55a\" data-element_type=\"container\" data-e-type=\"container\">\n\t\t\t\t<div class=\"elementor-element elementor-element-5dc3ca4 elementor-widget elementor-widget-image\" data-id=\"5dc3ca4\" data-element_type=\"widget\" data-e-type=\"widget\" data-widget_type=\"image.default\">\n\t\t\t\t\t\t\t\t\t\t\t\t\t\t\t<img fetchpriority=\"high\" decoding=\"async\" width=\"1000\" height=\"667\" src=\"https:\/\/creativelogisticsmoz.com\/wp-content\/uploads\/2025\/10\/org.event_-4.jpg\" class=\"attachment-large size-large wp-image-1725\" alt=\"\" srcset=\"https:\/\/creativelogisticsmoz.com\/wp-content\/uploads\/2025\/10\/org.event_-4.jpg 1000w, https:\/\/creativelogisticsmoz.com\/wp-content\/uploads\/2025\/10\/org.event_-4-768x512.jpg 768w, https:\/\/creativelogisticsmoz.com\/wp-content\/uploads\/2025\/10\/org.event_-4-600x400.jpg 600w\" sizes=\"(max-width: 1000px) 100vw, 1000px\" \/>\t\t\t\t\t\t\t\t\t\t\t\t\t\t\t<\/div>\n\t\t\t\t<\/div>\n\t\t<div class=\"elementor-element elementor-element-1c9c983 e-con-full e-flex e-con e-child\" data-id=\"1c9c983\" data-element_type=\"container\" data-e-type=\"container\">\n\t\t\t\t<div class=\"elementor-element elementor-element-a652451 elementor-widget elementor-widget-text-editor\" data-id=\"a652451\" data-element_type=\"widget\" data-e-type=\"widget\" data-widget_type=\"text-editor.default\">\n\t\t\t\t\t\t\t\t\t<p data-start=\"0\" data-end=\"335\">Among our services, the highlights include:<\/p>\t\t\t\t\t\t\t\t<\/div>\n\t\t\t\t<div class=\"elementor-element elementor-element-0e4bfa0 elementor-icon-list--layout-traditional elementor-list-item-link-full_width elementor-widget elementor-widget-icon-list\" data-id=\"0e4bfa0\" data-element_type=\"widget\" data-e-type=\"widget\" data-widget_type=\"icon-list.default\">\n\t\t\t\t\t\t\t<ul class=\"elementor-icon-list-items\">\n\t\t\t\t\t\t\t<li class=\"elementor-icon-list-item\">\n\t\t\t\t\t\t\t\t\t\t\t<span class=\"elementor-icon-list-icon\">\n\t\t\t\t\t\t\t<svg aria-hidden=\"true\" class=\"e-font-icon-svg e-fas-arrow-circle-right\" viewbox=\"0 0 512 512\" xmlns=\"http:\/\/www.w3.org\/2000\/svg\"><path d=\"M256 8c137 0 248 111 248 248S393 504 256 504 8 393 8 256 119 8 256 8zm-28.9 143.6l75.5 72.4H120c-13.3 0-24 10.7-24 24v16c0 13.3 10.7 24 24 24h182.6l-75.5 72.4c-9.7 9.3-9.9 24.8-.4 34.3l11 10.9c9.4 9.4 24.6 9.4 33.9 0L404.3 273c9.4-9.4 9.4-24.6 0-33.9L271.6 106.3c-9.4-9.4-24.6-9.4-33.9 0l-11 10.9c-9.5 9.6-9.3 25.1.4 34.4z\"><\/path><\/svg>\t\t\t\t\t\t<\/span>\n\t\t\t\t\t\t\t\t\t\t<span class=\"elementor-icon-list-text\">Provision of uniforms tailored to any type of event;<\/span>\n\t\t\t\t\t\t\t\t\t<\/li>\n\t\t\t\t\t\t\t\t<li class=\"elementor-icon-list-item\">\n\t\t\t\t\t\t\t\t\t\t\t<span class=\"elementor-icon-list-icon\">\n\t\t\t\t\t\t\t<svg aria-hidden=\"true\" class=\"e-font-icon-svg e-fas-arrow-circle-right\" viewbox=\"0 0 512 512\" xmlns=\"http:\/\/www.w3.org\/2000\/svg\"><path d=\"M256 8c137 0 248 111 248 248S393 504 256 504 8 393 8 256 119 8 256 8zm-28.9 143.6l75.5 72.4H120c-13.3 0-24 10.7-24 24v16c0 13.3 10.7 24 24 24h182.6l-75.5 72.4c-9.7 9.3-9.9 24.8-.4 34.3l11 10.9c9.4 9.4 24.6 9.4 33.9 0L404.3 273c9.4-9.4 9.4-24.6 0-33.9L271.6 106.3c-9.4-9.4-24.6-9.4-33.9 0l-11 10.9c-9.5 9.6-9.3 25.1.4 34.4z\"><\/path><\/svg>\t\t\t\t\t\t<\/span>\n\t\t\t\t\t\t\t\t\t\t<span class=\"elementor-icon-list-text\">Production of graphic materials, such as posters, invitations, banners, and badges;<\/span>\n\t\t\t\t\t\t\t\t\t<\/li>\n\t\t\t\t\t\t\t\t<li class=\"elementor-icon-list-item\">\n\t\t\t\t\t\t\t\t\t\t\t<span class=\"elementor-icon-list-icon\">\n\t\t\t\t\t\t\t<svg aria-hidden=\"true\" class=\"e-font-icon-svg e-fas-arrow-circle-right\" viewbox=\"0 0 512 512\" xmlns=\"http:\/\/www.w3.org\/2000\/svg\"><path d=\"M256 8c137 0 248 111 248 248S393 504 256 504 8 393 8 256 119 8 256 8zm-28.9 143.6l75.5 72.4H120c-13.3 0-24 10.7-24 24v16c0 13.3 10.7 24 24 24h182.6l-75.5 72.4c-9.7 9.3-9.9 24.8-.4 34.3l11 10.9c9.4 9.4 24.6 9.4 33.9 0L404.3 273c9.4-9.4 9.4-24.6 0-33.9L271.6 106.3c-9.4-9.4-24.6-9.4-33.9 0l-11 10.9c-9.5 9.6-9.3 25.1.4 34.4z\"><\/path><\/svg>\t\t\t\t\t\t<\/span>\n\t\t\t\t\t\t\t\t\t\t<span class=\"elementor-icon-list-text\">Provision of professional sound and audiovisual equipment;<\/span>\n\t\t\t\t\t\t\t\t\t<\/li>\n\t\t\t\t\t\t\t\t<li class=\"elementor-icon-list-item\">\n\t\t\t\t\t\t\t\t\t\t\t<span class=\"elementor-icon-list-icon\">\n\t\t\t\t\t\t\t<svg aria-hidden=\"true\" class=\"e-font-icon-svg e-fas-arrow-circle-right\" viewbox=\"0 0 512 512\" xmlns=\"http:\/\/www.w3.org\/2000\/svg\"><path d=\"M256 8c137 0 248 111 248 248S393 504 256 504 8 393 8 256 119 8 256 8zm-28.9 143.6l75.5 72.4H120c-13.3 0-24 10.7-24 24v16c0 13.3 10.7 24 24 24h182.6l-75.5 72.4c-9.7 9.3-9.9 24.8-.4 34.3l11 10.9c9.4 9.4 24.6 9.4 33.9 0L404.3 273c9.4-9.4 9.4-24.6 0-33.9L271.6 106.3c-9.4-9.4-24.6-9.4-33.9 0l-11 10.9c-9.5 9.6-9.3 25.1.4 34.4z\"><\/path><\/svg>\t\t\t\t\t\t<\/span>\n\t\t\t\t\t\t\t\t\t\t<span class=\"elementor-icon-list-text\">Video and photography services, providing full and professional event coverage;<\/span>\n\t\t\t\t\t\t\t\t\t<\/li>\n\t\t\t\t\t\t\t\t<li class=\"elementor-icon-list-item\">\n\t\t\t\t\t\t\t\t\t\t\t<span class=\"elementor-icon-list-icon\">\n\t\t\t\t\t\t\t<svg aria-hidden=\"true\" class=\"e-font-icon-svg e-fas-arrow-circle-right\" viewbox=\"0 0 512 512\" xmlns=\"http:\/\/www.w3.org\/2000\/svg\"><path d=\"M256 8c137 0 248 111 248 248S393 504 256 504 8 393 8 256 119 8 256 8zm-28.9 143.6l75.5 72.4H120c-13.3 0-24 10.7-24 24v16c0 13.3 10.7 24 24 24h182.6l-75.5 72.4c-9.7 9.3-9.9 24.8-.4 34.3l11 10.9c9.4 9.4 24.6 9.4 33.9 0L404.3 273c9.4-9.4 9.4-24.6 0-33.9L271.6 106.3c-9.4-9.4-24.6-9.4-33.9 0l-11 10.9c-9.5 9.6-9.3 25.1.4 34.4z\"><\/path><\/svg>\t\t\t\t\t\t<\/span>\n\t\t\t\t\t\t\t\t\t\t<span class=\"elementor-icon-list-text\">Car rental for efficient transportation of guests or teams;<\/span>\n\t\t\t\t\t\t\t\t\t<\/li>\n\t\t\t\t\t\t\t\t<li class=\"elementor-icon-list-item\">\n\t\t\t\t\t\t\t\t\t\t\t<span class=\"elementor-icon-list-icon\">\n\t\t\t\t\t\t\t<svg aria-hidden=\"true\" class=\"e-font-icon-svg e-fas-arrow-circle-right\" viewbox=\"0 0 512 512\" xmlns=\"http:\/\/www.w3.org\/2000\/svg\"><path d=\"M256 8c137 0 248 111 248 248S393 504 256 504 8 393 8 256 119 8 256 8zm-28.9 143.6l75.5 72.4H120c-13.3 0-24 10.7-24 24v16c0 13.3 10.7 24 24 24h182.6l-75.5 72.4c-9.7 9.3-9.9 24.8-.4 34.3l11 10.9c9.4 9.4 24.6 9.4 33.9 0L404.3 273c9.4-9.4 9.4-24.6 0-33.9L271.6 106.3c-9.4-9.4-24.6-9.4-33.9 0l-11 10.9c-9.5 9.6-9.3 25.1.4 34.4z\"><\/path><\/svg>\t\t\t\t\t\t<\/span>\n\t\t\t\t\t\t\t\t\t\t<span class=\"elementor-icon-list-text\">Customized solutions, tailored to the needs and expectations of each client.<\/span>\n\t\t\t\t\t\t\t\t\t<\/li>\n\t\t\t\t\t\t<\/ul>\n\t\t\t\t\t\t<\/div>\n\t\t\t\t<\/div>\n\t\t\t\t<\/div>\n\t\t\t\t<section class=\"elementor-section elementor-top-section elementor-element elementor-element-ec65634 elementor-section-boxed elementor-section-height-default elementor-section-height-default\" data-id=\"ec65634\" data-element_type=\"section\" data-e-type=\"section\" data-settings=\"{&quot;background_background&quot;:&quot;classic&quot;}\">\n\t\t\t\t\t\t<div class=\"elementor-container elementor-column-gap-default\">\n\t\t\t\t\t<div class=\"elementor-column elementor-col-50 elementor-top-column elementor-element elementor-element-173cddb\" data-id=\"173cddb\" data-element_type=\"column\" data-e-type=\"column\">\n\t\t\t<div class=\"elementor-widget-wrap elementor-element-populated\">\n\t\t\t\t<div class=\"elementor-element elementor-element-168c45d e-con-full e-flex e-con e-child\" data-id=\"168c45d\" data-element_type=\"container\" data-e-type=\"container\">\n\t\t\t\t<div class=\"elementor-element elementor-element-7d4b1ef elementor-widget elementor-widget-text-editor\" data-id=\"7d4b1ef\" data-element_type=\"widget\" data-e-type=\"widget\" data-widget_type=\"text-editor.default\">\n\t\t\t\t\t\t\t\t\t<p data-start=\"1023\" data-end=\"1347\">Nosso objetivo \u00e9 proporcionar eventos impec\u00e1veis, combinando <strong data-start=\"242\" data-end=\"265\">log\u00edstica eficiente<\/strong> with careful attention to every detail. We plan and coordinate all stages, ensuring that resources, materials, and teams are well-organized, preventing unforeseen issues, and guaranteeing that the event runs smoothly and efficiently.<\/p><p data-start=\"1023\" data-end=\"1347\">Al\u00e9m disso, utilizamos <strong data-start=\"569\" data-end=\"603\">equipamentos de alta qualidade<\/strong> and we have professionals specialized in sound, audiovisual, photography, and video. This way, we create comfortable, memorable, and innovative experiences, fully aligned with the client's expectations, whether for corporate, social, or academic events.<\/p>\t\t\t\t\t\t\t\t<\/div>\n\t\t\t\t<\/div>\n\t\t\t\t\t<\/div>\n\t\t<\/div>\n\t\t\t\t<div class=\"elementor-column elementor-col-50 elementor-top-column elementor-element elementor-element-b12b78c\" data-id=\"b12b78c\" data-element_type=\"column\" data-e-type=\"column\">\n\t\t\t<div class=\"elementor-widget-wrap elementor-element-populated\">\n\t\t\t\t<div class=\"elementor-element elementor-element-fb07cd1 e-con-full e-flex e-con e-child\" data-id=\"fb07cd1\" data-element_type=\"container\" data-e-type=\"container\">\n\t\t\t\t<div class=\"elementor-element elementor-element-51ef2d3 elementor-widget elementor-widget-image\" data-id=\"51ef2d3\" data-element_type=\"widget\" data-e-type=\"widget\" data-widget_type=\"image.default\">\n\t\t\t\t\t\t\t\t\t\t\t\t\t\t\t<img decoding=\"async\" width=\"1024\" height=\"1024\" src=\"https:\/\/creativelogisticsmoz.com\/wp-content\/uploads\/2025\/10\/fotografia-1024x1024.jpg\" class=\"attachment-large size-large wp-image-1739\" alt=\"\" srcset=\"https:\/\/creativelogisticsmoz.com\/wp-content\/uploads\/2025\/10\/fotografia-1024x1024.jpg 1024w, https:\/\/creativelogisticsmoz.com\/wp-content\/uploads\/2025\/10\/fotografia-175x175.jpg 175w, https:\/\/creativelogisticsmoz.com\/wp-content\/uploads\/2025\/10\/fotografia-768x769.jpg 768w, https:\/\/creativelogisticsmoz.com\/wp-content\/uploads\/2025\/10\/fotografia-300x300.jpg 300w, https:\/\/creativelogisticsmoz.com\/wp-content\/uploads\/2025\/10\/fotografia-600x601.jpg 600w, https:\/\/creativelogisticsmoz.com\/wp-content\/uploads\/2025\/10\/fotografia-180x180.jpg 180w, https:\/\/creativelogisticsmoz.com\/wp-content\/uploads\/2025\/10\/fotografia.jpg 1100w\" sizes=\"(max-width: 1024px) 100vw, 1024px\" \/>\t\t\t\t\t\t\t\t\t\t\t\t\t\t\t<\/div>\n\t\t\t\t<\/div>\n\t\t\t\t\t<\/div>\n\t\t<\/div>\n\t\t\t\t\t<\/div>\n\t\t<\/section>\n\t\t\t\t<section class=\"elementor-section elementor-top-section elementor-element elementor-element-5d66433a elementor-section-boxed elementor-section-height-default elementor-section-height-default\" data-id=\"5d66433a\" data-element_type=\"section\" data-e-type=\"section\">\n\t\t\t\t\t\t<div class=\"elementor-container elementor-column-gap-default\">\n\t\t\t\t\t<div class=\"elementor-column elementor-col-100 elementor-top-column elementor-element elementor-element-36c24141\" data-id=\"36c24141\" data-element_type=\"column\" data-e-type=\"column\">\n\t\t\t<div class=\"elementor-widget-wrap elementor-element-populated\">\n\t\t\t\t\t\t<div class=\"elementor-element elementor-element-677d4bbf elementor-widget elementor-widget-gva_icon_box_group\" data-id=\"677d4bbf\" data-element_type=\"widget\" data-e-type=\"widget\" data-widget_type=\"gva_icon_box_group.default\">\n\t\t\t\t<div class=\"elementor-widget-container\">\n\t\t\t\t\t<div class=\"gva-element-gva_icon_box_group gva-element\">\r\n<div class=\"gsc-icon-box-group layout-grid\">\r\n\t<div class=\"lg-block-grid-3 md-block-grid-3 sm-block-grid-2 xs-block-grid-1 xx-block-grid-1\">\r\n\t\t<div class=\"item-columns\">\r\n<div class=\"icon-box-item elementor-repeater-item-d833a49\">\r\n\r\n\t\r\n\t\r\n\t\r\n\t<div class=\"iconbox-four__single\"><div class=\"iconbox-four__wrap\"><div class=\"iconbox-four__icon\"><i aria-hidden=\"true\" class=\"picon-project-management\"><\/i><\/div><div class=\"iconbox-four__content\"><h3 class=\"iconbox-four__title\">Operational Reliability<\/h3><div class=\"iconbox-four__desc\">We ensure safety, traceability, and reliability in every delivery.<\/div><\/div>\t\t  \t<a href=\"http:\/\/localhost\/wp\/qizon\/about\/\" class=\"iconbox-four__link-overlay\" aria-label=\"link\">\r\n\t\t\t \t\t\t  \t<\/a>\r\n\t\t  <\/div><\/div>\r\n\t\r\n<\/div><\/div><div class=\"item-columns\">\r\n<div class=\"icon-box-item elementor-repeater-item-b50c52e\">\r\n\r\n\t\r\n\t\r\n\t\r\n\t<div class=\"iconbox-four__single\"><div class=\"iconbox-four__wrap\"><div class=\"iconbox-four__icon\"><i aria-hidden=\"true\" class=\"picon-badge\"><\/i><\/div><div class=\"iconbox-four__content\"><h3 class=\"iconbox-four__title\">Efficiency and Quality<\/h3><div class=\"iconbox-four__desc\">We use premium materials to guarantee the highest efficiency and quality in our results.<\/div><\/div>\t\t  \t<a href=\"http:\/\/localhost\/wp\/qizon\/about\/\" class=\"iconbox-four__link-overlay\" aria-label=\"link\">\r\n\t\t\t \t\t\t  \t<\/a>\r\n\t\t  <\/div><\/div>\r\n\t\r\n<\/div><\/div><div class=\"item-columns\">\r\n<div class=\"icon-box-item elementor-repeater-item-2c50c28\">\r\n\r\n\t\r\n\t\r\n\t\r\n\t<div class=\"iconbox-four__single\"><div class=\"iconbox-four__wrap\"><div class=\"iconbox-four__icon\"><i aria-hidden=\"true\" class=\"picon-mission\"><\/i><\/div><div class=\"iconbox-four__content\"><h3 class=\"iconbox-four__title\">Customized Solutions<\/h3><div class=\"iconbox-four__desc\">We provide integrated solutions tailored to the needs of each client and sector.\n<\/div><\/div>\t\t  \t<a href=\"http:\/\/localhost\/wp\/qizon\/about\/\" class=\"iconbox-four__link-overlay\" aria-label=\"link\">\r\n\t\t\t \t\t\t  \t<\/a>\r\n\t\t  <\/div><\/div>\r\n\t\r\n<\/div><\/div>\t<\/div>   \r\n<\/div>\r\n<\/div>\t\t\t\t<\/div>\n\t\t\t\t<\/div>\n\t\t\t\t\t<\/div>\n\t\t<\/div>\n\t\t\t\t\t<\/div>\n\t\t<\/section>\n\t\t\t\t<\/div>","protected":false},"excerpt":{"rendered":"<p>ORGANIZA\u00c7\u00c3O DE EVENTOS Oferecemos solu\u00e7\u00f5es completas para a organiza\u00e7\u00e3o e apoio log\u00edstico de eventos, assegurando qualidade, efici\u00eancia e aten\u00e7\u00e3o a cada detalhe. Actuamos em todos os tipos de eventos, proporcionando [&hellip;]<\/p>","protected":false},"author":1,"featured_media":0,"parent":0,"menu_order":0,"comment_status":"closed","ping_status":"closed","template":"","meta":{"footnotes":""},"class_list":["post-1687","page","type-page","status-publish","hentry"],"yoast_head":"<!-- This site is optimized with the Yoast SEO Premium plugin v25.9 (Yoast SEO v27.4) - https:\/\/yoast.com\/product\/yoast-seo-premium-wordpress\/ -->\n<title>Organiza\u00e7\u00e3o de eventos - Creative Logistics Mozambique<\/title>\n<meta name=\"description\" content=\"Organiza\u00e7\u00e3o de eventos com solu\u00e7\u00f5es completas e servi\u00e7os personalizados, incluindo log\u00edstica, som, v\u00eddeo e aluguer de viaturas.\" \/>\n<meta name=\"robots\" content=\"index, follow, max-snippet:-1, max-image-preview:large, max-video-preview:-1\" \/>\n<link rel=\"canonical\" href=\"https:\/\/creativelogisticsmoz.com\/en\/organizacao-de-eventos\/\" \/>\n<meta property=\"og:locale\" content=\"en_US\" \/>\n<meta property=\"og:type\" content=\"article\" \/>\n<meta property=\"og:title\" content=\"Organiza\u00e7\u00e3o de eventos\" \/>\n<meta property=\"og:description\" content=\"Organiza\u00e7\u00e3o de eventos com solu\u00e7\u00f5es completas e servi\u00e7os personalizados, incluindo log\u00edstica, som, v\u00eddeo e aluguer de viaturas.\" \/>\n<meta property=\"og:url\" content=\"https:\/\/creativelogisticsmoz.com\/en\/organizacao-de-eventos\/\" \/>\n<meta property=\"og:site_name\" content=\"Creative Logistics Mozambique\" \/>\n<meta property=\"article:modified_time\" content=\"2025-10-27T20:29:26+00:00\" \/>\n<meta property=\"og:image\" content=\"https:\/\/creativelogisticsmoz.com\/wp-content\/uploads\/2025\/10\/org.event_-4.jpg\" \/>\n<meta name=\"twitter:card\" content=\"summary_large_image\" \/>\n<meta name=\"twitter:label1\" content=\"Est. reading time\" \/>\n\t<meta name=\"twitter:data1\" content=\"2 minutes\" \/>\n<script type=\"application\/ld+json\" class=\"yoast-schema-graph\">{\"@context\":\"https:\\\/\\\/schema.org\",\"@graph\":[{\"@type\":\"WebPage\",\"@id\":\"https:\\\/\\\/creativelogisticsmoz.com\\\/organizacao-de-eventos\\\/\",\"url\":\"https:\\\/\\\/creativelogisticsmoz.com\\\/organizacao-de-eventos\\\/\",\"name\":\"Organiza\u00e7\u00e3o de eventos - Creative Logistics Mozambique\",\"isPartOf\":{\"@id\":\"https:\\\/\\\/creativelogisticsmoz.com\\\/#website\"},\"primaryImageOfPage\":{\"@id\":\"https:\\\/\\\/creativelogisticsmoz.com\\\/organizacao-de-eventos\\\/#primaryimage\"},\"image\":{\"@id\":\"https:\\\/\\\/creativelogisticsmoz.com\\\/organizacao-de-eventos\\\/#primaryimage\"},\"thumbnailUrl\":\"https:\\\/\\\/creativelogisticsmoz.com\\\/wp-content\\\/uploads\\\/2025\\\/10\\\/org.event_-4.jpg\",\"datePublished\":\"2025-10-21T14:06:51+00:00\",\"dateModified\":\"2025-10-27T20:29:26+00:00\",\"description\":\"Organiza\u00e7\u00e3o de eventos com solu\u00e7\u00f5es completas e servi\u00e7os personalizados, incluindo log\u00edstica, som, v\u00eddeo e aluguer de viaturas.\",\"breadcrumb\":{\"@id\":\"https:\\\/\\\/creativelogisticsmoz.com\\\/organizacao-de-eventos\\\/#breadcrumb\"},\"inLanguage\":\"en-US\",\"potentialAction\":[{\"@type\":\"ReadAction\",\"target\":[\"https:\\\/\\\/creativelogisticsmoz.com\\\/organizacao-de-eventos\\\/\"]}]},{\"@type\":\"ImageObject\",\"inLanguage\":\"en-US\",\"@id\":\"https:\\\/\\\/creativelogisticsmoz.com\\\/organizacao-de-eventos\\\/#primaryimage\",\"url\":\"https:\\\/\\\/creativelogisticsmoz.com\\\/wp-content\\\/uploads\\\/2025\\\/10\\\/org.event_-4.jpg\",\"contentUrl\":\"https:\\\/\\\/creativelogisticsmoz.com\\\/wp-content\\\/uploads\\\/2025\\\/10\\\/org.event_-4.jpg\"},{\"@type\":\"BreadcrumbList\",\"@id\":\"https:\\\/\\\/creativelogisticsmoz.com\\\/organizacao-de-eventos\\\/#breadcrumb\",\"itemListElement\":[{\"@type\":\"ListItem\",\"position\":1,\"name\":\"In\u00edcio\",\"item\":\"https:\\\/\\\/creativelogisticsmoz.com\\\/\"},{\"@type\":\"ListItem\",\"position\":2,\"name\":\"Organiza\u00e7\u00e3o de eventos\"}]},{\"@type\":\"WebSite\",\"@id\":\"https:\\\/\\\/creativelogisticsmoz.com\\\/#website\",\"url\":\"https:\\\/\\\/creativelogisticsmoz.com\\\/\",\"name\":\"Creative Logistics Mozambique\",\"description\":\"Movendo neg\u00f3cios, conectando destinos\",\"potentialAction\":[{\"@type\":\"SearchAction\",\"target\":{\"@type\":\"EntryPoint\",\"urlTemplate\":\"https:\\\/\\\/creativelogisticsmoz.com\\\/?s={search_term_string}\"},\"query-input\":{\"@type\":\"PropertyValueSpecification\",\"valueRequired\":true,\"valueName\":\"search_term_string\"}}],\"inLanguage\":\"en-US\"}]}<\/script>\n<!-- \/ Yoast SEO Premium plugin. -->","yoast_head_json":{"title":"Organiza\u00e7\u00e3o de eventos - Creative Logistics Mozambique","description":"Organiza\u00e7\u00e3o de eventos com solu\u00e7\u00f5es completas e servi\u00e7os personalizados, incluindo log\u00edstica, som, v\u00eddeo e aluguer de viaturas.","robots":{"index":"index","follow":"follow","max-snippet":"max-snippet:-1","max-image-preview":"max-image-preview:large","max-video-preview":"max-video-preview:-1"},"canonical":"https:\/\/creativelogisticsmoz.com\/en\/organizacao-de-eventos\/","og_locale":"en_US","og_type":"article","og_title":"Organiza\u00e7\u00e3o de eventos","og_description":"Organiza\u00e7\u00e3o de eventos com solu\u00e7\u00f5es completas e servi\u00e7os personalizados, incluindo log\u00edstica, som, v\u00eddeo e aluguer de viaturas.","og_url":"https:\/\/creativelogisticsmoz.com\/en\/organizacao-de-eventos\/","og_site_name":"Creative Logistics Mozambique","article_modified_time":"2025-10-27T20:29:26+00:00","og_image":[{"url":"https:\/\/creativelogisticsmoz.com\/wp-content\/uploads\/2025\/10\/org.event_-4.jpg","type":"","width":"","height":""}],"twitter_card":"summary_large_image","twitter_misc":{"Est. reading time":"2 minutes"},"schema":{"@context":"https:\/\/schema.org","@graph":[{"@type":"WebPage","@id":"https:\/\/creativelogisticsmoz.com\/organizacao-de-eventos\/","url":"https:\/\/creativelogisticsmoz.com\/organizacao-de-eventos\/","name":"Organiza\u00e7\u00e3o de eventos - Creative Logistics Mozambique","isPartOf":{"@id":"https:\/\/creativelogisticsmoz.com\/#website"},"primaryImageOfPage":{"@id":"https:\/\/creativelogisticsmoz.com\/organizacao-de-eventos\/#primaryimage"},"image":{"@id":"https:\/\/creativelogisticsmoz.com\/organizacao-de-eventos\/#primaryimage"},"thumbnailUrl":"https:\/\/creativelogisticsmoz.com\/wp-content\/uploads\/2025\/10\/org.event_-4.jpg","datePublished":"2025-10-21T14:06:51+00:00","dateModified":"2025-10-27T20:29:26+00:00","description":"Organiza\u00e7\u00e3o de eventos com solu\u00e7\u00f5es completas e servi\u00e7os personalizados, incluindo log\u00edstica, som, v\u00eddeo e aluguer de viaturas.","breadcrumb":{"@id":"https:\/\/creativelogisticsmoz.com\/organizacao-de-eventos\/#breadcrumb"},"inLanguage":"en-US","potentialAction":[{"@type":"ReadAction","target":["https:\/\/creativelogisticsmoz.com\/organizacao-de-eventos\/"]}]},{"@type":"ImageObject","inLanguage":"en-US","@id":"https:\/\/creativelogisticsmoz.com\/organizacao-de-eventos\/#primaryimage","url":"https:\/\/creativelogisticsmoz.com\/wp-content\/uploads\/2025\/10\/org.event_-4.jpg","contentUrl":"https:\/\/creativelogisticsmoz.com\/wp-content\/uploads\/2025\/10\/org.event_-4.jpg"},{"@type":"BreadcrumbList","@id":"https:\/\/creativelogisticsmoz.com\/organizacao-de-eventos\/#breadcrumb","itemListElement":[{"@type":"ListItem","position":1,"name":"In\u00edcio","item":"https:\/\/creativelogisticsmoz.com\/"},{"@type":"ListItem","position":2,"name":"Organiza\u00e7\u00e3o de eventos"}]},{"@type":"WebSite","@id":"https:\/\/creativelogisticsmoz.com\/#website","url":"https:\/\/creativelogisticsmoz.com\/","name":"Creative Logistics Mozambique","description":"Movendo neg\u00f3cios, conectando destinos","potentialAction":[{"@type":"SearchAction","target":{"@type":"EntryPoint","urlTemplate":"https:\/\/creativelogisticsmoz.com\/?s={search_term_string}"},"query-input":{"@type":"PropertyValueSpecification","valueRequired":true,"valueName":"search_term_string"}}],"inLanguage":"en-US"}]}},"_hostinger_reach_plugin_has_subscription_block":false,"_hostinger_reach_plugin_is_elementor":false,"_links":{"self":[{"href":"https:\/\/creativelogisticsmoz.com\/en\/wp-json\/wp\/v2\/pages\/1687","targetHints":{"allow":["GET"]}}],"collection":[{"href":"https:\/\/creativelogisticsmoz.com\/en\/wp-json\/wp\/v2\/pages"}],"about":[{"href":"https:\/\/creativelogisticsmoz.com\/en\/wp-json\/wp\/v2\/types\/page"}],"author":[{"embeddable":true,"href":"https:\/\/creativelogisticsmoz.com\/en\/wp-json\/wp\/v2\/users\/1"}],"replies":[{"embeddable":true,"href":"https:\/\/creativelogisticsmoz.com\/en\/wp-json\/wp\/v2\/comments?post=1687"}],"version-history":[{"count":49,"href":"https:\/\/creativelogisticsmoz.com\/en\/wp-json\/wp\/v2\/pages\/1687\/revisions"}],"predecessor-version":[{"id":1760,"href":"https:\/\/creativelogisticsmoz.com\/en\/wp-json\/wp\/v2\/pages\/1687\/revisions\/1760"}],"wp:attachment":[{"href":"https:\/\/creativelogisticsmoz.com\/en\/wp-json\/wp\/v2\/media?parent=1687"}],"curies":[{"name":"wp","href":"https:\/\/api.w.org\/{rel}","templated":true}]}}